{"id":723,"date":"2021-05-19T08:29:58","date_gmt":"2021-05-19T08:29:58","guid":{"rendered":"https:\/\/www.trucktrailer.es\/catalogos\/"},"modified":"2021-05-28T10:41:37","modified_gmt":"2021-05-28T08:41:37","slug":"catalegs","status":"publish","type":"page","link":"https:\/\/www.trucktrailer.es\/ca\/catalegs\/","title":{"rendered":"Cat\u00e0legs"},"content":{"rendered":"<section class=\"section  text-normal section-text-no-shadow section-inner-no-shadow section-normal section-opaque\"  >\n    \n    <div class=\"background-overlay grid-overlay-0 \" style=\"background-color: rgba(0,0,0,0);\"><\/div>\n\n    <div class=\"container-fullwidth container-vertical-default\">\n        <div class=\"row vertical-default\">\n            <div class=\"col-md-12     text-default small-screen-default\"  >[rev_slider_vc alias=&#8221;slider-9-1-1&#8243;]<\/div>        <\/div>\n    <\/div>\n<\/section>\n<section class=\"section  text-normal section-text-no-shadow section-inner-no-shadow section-normal section-opaque\"  >\n    \n    <div class=\"background-overlay grid-overlay-0 \" style=\"background-color: rgba(0,0,0,0);\"><\/div>\n\n    <div class=\"container container-vertical-default\">\n        <div class=\"row vertical-default\">\n            <div class=\"col-md-12     text-default small-screen-default\"  ><h1 class=\"text-center  element-top-50 element-bottom-0 text-normal os-animation big default\" data-os-animation=\"fadeIn\" data-os-animation-delay=\"0s\" >\n    DESC\u00c0RREGA DE CAT\u00c0LEGS<\/h1><div class=\"divider-border  divider-border-center element-top-10 element-bottom-10 os-animation\" data-os-animation=\"fadeIn\" data-os-animation-delay=\"0.1s\"  style=\"height:3px;\">\n    <div class=\"divider-border-inner\"  style=\"width:60px;\"><\/div>\n<\/div><p class=\"lead text-center center  text-normal element-top-20 element-bottom-20\" data-os-animation=\"none\" data-os-animation-delay=\"0s\">Disposem d&#8217;una \u00e0mplia gamma de recanvis per a vehicles industrials i ballestes, adaptables a marques de l&#8217;\u00e0mbit nacional i internacional. <strong> Descarrega els cat\u00e0legs de recanvis de les seg\u00fcents marques: <\/strong><\/p><div class=\"list-container row link-color element-top-20 element-bottom-20 os-animation\" data-os-animation=\"fadeInUp\" data-os-animation-delay=\"0s\">\n<div class=\"col-md-4 text-normal element-top-0 element-bottom-20 text-center os-animation\" data-os-animation=\"fadeInUp\" data-os-animation-delay=\"0s\">\n                        <span class=\"service-simple-image\">\n                                                            <a href=\"https:\/\/www.trucktrailer.es\/wp-content\/uploads\/2021\/05\/RENAULT.pdf\" target=\"_blank\">\n                            <img loading=\"lazy\" decoding=\"async\" width=\"250\" height=\"250\" src=\"https:\/\/www.trucktrailer.es\/wp-content\/uploads\/2021\/05\/REANULT-CATALOGO.png\" class=\"attachment-none-image size-none-image\" alt=\"DESCARREGAR CAT\u00c0LEG RENAULT\" srcset=\"https:\/\/www.trucktrailer.es\/wp-content\/uploads\/2021\/05\/REANULT-CATALOGO.png 250w, https:\/\/www.trucktrailer.es\/wp-content\/uploads\/2021\/05\/REANULT-CATALOGO-150x150.png 150w\" sizes=\"auto, (max-width: 250px) 100vw, 250px\" \/>                        <\/a>\n                                                <\/span>\n                        <h3>\n                            <a href=\"https:\/\/www.trucktrailer.es\/wp-content\/uploads\/2021\/05\/RENAULT.pdf\" target=\"_blank\">\n                        DESCARREGAR CAT\u00c0LEG RENAULT                            <\/a>\n                    <\/h3>\n                <p><\/p>\n        <\/div><div class=\"col-md-4 text-normal element-top-0 element-bottom-20 text-center os-animation\" data-os-animation=\"fadeInUp\" data-os-animation-delay=\"0s\">\n                        <span class=\"service-simple-image\">\n                                                            <a href=\"https:\/\/www.trucktrailer.es\/wp-content\/uploads\/2021\/05\/MERCEDES.pdf\" target=\"_blank\">\n                            <img loading=\"lazy\" decoding=\"async\" width=\"250\" height=\"250\" src=\"https:\/\/www.trucktrailer.es\/wp-content\/uploads\/2021\/05\/MERCEDES-CATALOGO.png\" class=\"attachment-none-image size-none-image\" alt=\"DESCARREGAR CAT\u00c0LEG MERCEDES\" srcset=\"https:\/\/www.trucktrailer.es\/wp-content\/uploads\/2021\/05\/MERCEDES-CATALOGO.png 250w, https:\/\/www.trucktrailer.es\/wp-content\/uploads\/2021\/05\/MERCEDES-CATALOGO-150x150.png 150w\" sizes=\"auto, (max-width: 250px) 100vw, 250px\" \/>                        <\/a>\n                                                <\/span>\n                        <h3>\n                            <a href=\"https:\/\/www.trucktrailer.es\/wp-content\/uploads\/2021\/05\/MERCEDES.pdf\" target=\"_blank\">\n                        DESCARREGAR CAT\u00c0LEG MERCEDES                            <\/a>\n                    <\/h3>\n                <p><\/p>\n        <\/div><div class=\"col-md-4 text-normal element-top-0 element-bottom-20 text-center os-animation\" data-os-animation=\"fadeInUp\" data-os-animation-delay=\"0s\">\n                        <span class=\"service-simple-image\">\n                                                            <a href=\"https:\/\/www.trucktrailer.es\/wp-content\/uploads\/2021\/05\/MAN.pdf\" target=\"_blank\">\n                            <img loading=\"lazy\" decoding=\"async\" width=\"250\" height=\"250\" src=\"https:\/\/www.trucktrailer.es\/wp-content\/uploads\/2021\/05\/man-catalogo.png\" class=\"attachment-none-image size-none-image\" alt=\"DESCARREGAR CAT\u00c0LEG MAN\" srcset=\"https:\/\/www.trucktrailer.es\/wp-content\/uploads\/2021\/05\/man-catalogo.png 250w, https:\/\/www.trucktrailer.es\/wp-content\/uploads\/2021\/05\/man-catalogo-150x150.png 150w\" sizes=\"auto, (max-width: 250px) 100vw, 250px\" \/>                        <\/a>\n                                                <\/span>\n                        <h3>\n                            <a href=\"https:\/\/www.trucktrailer.es\/wp-content\/uploads\/2021\/05\/MAN.pdf\" target=\"_blank\">\n                        DESCARREGAR CAT\u00c0LEG MAN                            <\/a>\n                    <\/h3>\n                <p><\/p>\n        <\/div><div class=\"col-md-4 text-normal element-top-0 element-bottom-20 text-center os-animation\" data-os-animation=\"fadeInUp\" data-os-animation-delay=\"0s\">\n                        <span class=\"service-simple-image\">\n                                                            <a href=\"https:\/\/www.trucktrailer.es\/wp-content\/uploads\/2021\/05\/IVECO.pdf\" target=\"_blank\">\n                            <img loading=\"lazy\" decoding=\"async\" width=\"250\" height=\"250\" src=\"https:\/\/www.trucktrailer.es\/wp-content\/uploads\/2021\/05\/iveco-catalogo.png\" class=\"attachment-none-image size-none-image\" alt=\"DESCARREGAR CAT\u00c0LEG IVECO\" srcset=\"https:\/\/www.trucktrailer.es\/wp-content\/uploads\/2021\/05\/iveco-catalogo.png 250w, https:\/\/www.trucktrailer.es\/wp-content\/uploads\/2021\/05\/iveco-catalogo-150x150.png 150w\" sizes=\"auto, (max-width: 250px) 100vw, 250px\" \/>                        <\/a>\n                                                <\/span>\n                        <h3>\n                            <a href=\"https:\/\/www.trucktrailer.es\/wp-content\/uploads\/2021\/05\/IVECO.pdf\" target=\"_blank\">\n                        DESCARREGAR CAT\u00c0LEG IVECO                            <\/a>\n                    <\/h3>\n                <p><\/p>\n        <\/div><div class=\"col-md-4 text-normal element-top-0 element-bottom-20 text-center os-animation\" data-os-animation=\"fadeInUp\" data-os-animation-delay=\"0s\">\n                        <span class=\"service-simple-image\">\n                                                            <a href=\"https:\/\/www.trucktrailer.es\/wp-content\/uploads\/2021\/05\/DAF.pdf\" target=\"_blank\">\n                            <img loading=\"lazy\" decoding=\"async\" width=\"250\" height=\"250\" src=\"https:\/\/www.trucktrailer.es\/wp-content\/uploads\/2021\/05\/daf-catalogo.png\" class=\"attachment-none-image size-none-image\" alt=\"DESCARREGAR CAT\u00c0LEG DAF\" srcset=\"https:\/\/www.trucktrailer.es\/wp-content\/uploads\/2021\/05\/daf-catalogo.png 250w, https:\/\/www.trucktrailer.es\/wp-content\/uploads\/2021\/05\/daf-catalogo-150x150.png 150w\" sizes=\"auto, (max-width: 250px) 100vw, 250px\" \/>                        <\/a>\n                                                <\/span>\n                        <h3>\n                            <a href=\"https:\/\/www.trucktrailer.es\/wp-content\/uploads\/2021\/05\/DAF.pdf\" target=\"_blank\">\n                        DESCARREGAR CAT\u00c0LEG DAF                            <\/a>\n                    <\/h3>\n                <p><\/p>\n        <\/div><div class=\"col-md-4 text-normal element-top-0 element-bottom-20 text-center os-animation\" data-os-animation=\"fadeInUp\" data-os-animation-delay=\"0s\">\n                        <span class=\"service-simple-image\">\n                                                            <a href=\"https:\/\/www.trucktrailer.es\/wp-content\/uploads\/2021\/05\/VOLVO-SCANIA.pdf\" target=\"_blank\">\n                            <img loading=\"lazy\" decoding=\"async\" width=\"250\" height=\"250\" src=\"https:\/\/www.trucktrailer.es\/wp-content\/uploads\/2021\/05\/VOLVO-SCANIA-CATALOGO.png\" class=\"attachment-none-image size-none-image\" alt=\"DESCARREGAR CAT\u00c0LEG VOLVO-SCANIA\" srcset=\"https:\/\/www.trucktrailer.es\/wp-content\/uploads\/2021\/05\/VOLVO-SCANIA-CATALOGO.png 250w, https:\/\/www.trucktrailer.es\/wp-content\/uploads\/2021\/05\/VOLVO-SCANIA-CATALOGO-150x150.png 150w\" sizes=\"auto, (max-width: 250px) 100vw, 250px\" \/>                        <\/a>\n                                                <\/span>\n                        <h3>\n                            <a href=\"https:\/\/www.trucktrailer.es\/wp-content\/uploads\/2021\/05\/VOLVO-SCANIA.pdf\" target=\"_blank\">\n                        DESCARREGAR CAT\u00c0LEG VOLVO-SCANIA                            <\/a>\n                    <\/h3>\n                <p><\/p>\n        <\/div><\/div><\/div><div class=\"col-md-12     text-default small-screen-default\"  ><\/div>        <\/div>\n    <\/div>\n<\/section>\n","protected":false},"excerpt":{"rendered":"","protected":false},"author":1,"featured_media":0,"parent":0,"menu_order":1,"comment_status":"closed","ping_status":"closed","template":"","meta":{"footnotes":""},"class_list":["post-723","page","type-page","status-publish","hentry"],"aioseo_notices":[],"_links":{"self":[{"href":"https:\/\/www.trucktrailer.es\/ca\/wp-json\/wp\/v2\/pages\/723","targetHints":{"allow":["GET"]}}],"collection":[{"href":"https:\/\/www.trucktrailer.es\/ca\/wp-json\/wp\/v2\/pages"}],"about":[{"href":"https:\/\/www.trucktrailer.es\/ca\/wp-json\/wp\/v2\/types\/page"}],"author":[{"embeddable":true,"href":"https:\/\/www.trucktrailer.es\/ca\/wp-json\/wp\/v2\/users\/1"}],"replies":[{"embeddable":true,"href":"https:\/\/www.trucktrailer.es\/ca\/wp-json\/wp\/v2\/comments?post=723"}],"version-history":[{"count":4,"href":"https:\/\/www.trucktrailer.es\/ca\/wp-json\/wp\/v2\/pages\/723\/revisions"}],"predecessor-version":[{"id":810,"href":"https:\/\/www.trucktrailer.es\/ca\/wp-json\/wp\/v2\/pages\/723\/revisions\/810"}],"wp:attachment":[{"href":"https:\/\/www.trucktrailer.es\/ca\/wp-json\/wp\/v2\/media?parent=723"}],"curies":[{"name":"wp","href":"https:\/\/api.w.org\/{rel}","templated":true}]}}