{"id":922,"date":"2024-06-20T18:33:54","date_gmt":"2024-06-20T16:33:54","guid":{"rendered":"https:\/\/www.trucktrailer.es\/?page_id=922"},"modified":"2024-06-21T12:05:10","modified_gmt":"2024-06-21T10:05:10","slug":"datenschutzrichtlinie","status":"publish","type":"page","link":"https:\/\/www.trucktrailer.es\/de\/datenschutzrichtlinie\/","title":{"rendered":"Datenschutzrichtlinie"},"content":{"rendered":"<section class=\"section  text-normal section-text-no-shadow section-inner-no-shadow section-normal section-opaque\"  >\n    \n    <div class=\"background-overlay grid-overlay-0 \" style=\"background-color: rgba(0,0,0,0);\"><\/div>\n\n    <div class=\"container container-vertical-default\">\n        <div class=\"row vertical-default\">\n            <div class=\"col-md-12     text-default small-screen-default\"  ><h1 class=\"cd-headline rotate-1 text-left  element-top-20 element-bottom-20 text-normal normal regular\" data-os-animation=\"none\" data-os-animation-delay=\"0s\">\n\t<span>Datenschutzrichtlinie<\/span>\n\t<span class=\"cd-words-wrapper\">\n        \t<\/span>\n<\/h1>\n<\/div>        <\/div>\n    <\/div>\n<\/section>\n<section class=\"section  text-normal section-text-no-shadow section-inner-no-shadow section-normal section-opaque\"  >\n    \n    <div class=\"background-overlay grid-overlay-0 \" style=\"background-color: rgba(255,255,255,0);\"><\/div>\n\n    <div class=\"container container-vertical-default\">\n        <div class=\"row vertical-default\">\n            <div class=\"col-md-12     text-left small-screen-default col-border-bottom\"  ><div class=\"col-text-1 text-normal  element-top-20 element-bottom-20\" data-os-animation=\"none\" data-os-animation-delay=\"0s\">\n    <h2><strong>Datos del propietario de la web<\/strong><\/h2>\n<p><strong>RAZ\u00d3N SOCIAL <\/strong>TRUCK &amp; TRAILER SL<\/p>\n<p><strong>NIF <\/strong>B61828778<\/p>\n<p><strong>DOMINIO <\/strong><a href=\"https:\/\/www.trucktrailer.es\/\" target=\"_blank\" rel=\"noopener\">https:\/\/www.trucktrailer.es\/<\/a><\/p>\n<p><strong>DIRECCI\u00d3N POSTAL <\/strong>CRTA SENTMENAT KM 1,420,08213 POLINYA(BARCELONA)<\/p>\n<p><strong>DIRECCI\u00d3N ELECTR\u00d3NICA<\/strong> <a href=\"mailto:info@trucktrailer.es\">info@trucktrailer.es<\/a><\/p>\n<p><strong>TEL\u00c9FONOS <\/strong><a href=\"tel:937133184\">937133184<\/a><\/p>\n<p><strong>N.\u00ba REGISTRO\/DATOS\u00a0<\/strong><strong>ADICIONALES<\/strong><\/p>\n<\/div>\n<div class=\"col-text-1 text-normal  element-top-20 element-bottom-20\" data-os-animation=\"none\" data-os-animation-delay=\"0s\">\n    <h2><strong>Protecci\u00f3n de datos<\/strong><\/h2>\n<p>De conformidad con la normativa vigente y aplicable en protecci\u00f3n de datos de car\u00e1cter personal, le\u00a0informamos que sus datos ser\u00e1n incorporados al sistema de tratamiento titularidad de TRUCK &amp; TRAILER\u00a0SL con NIF B61828778 y domicilio social sito en CRTA SENTMENAT KM 1,420,08213\u00a0POLINYA(BARCELONA). A continuaci\u00f3n, se facilita la informaci\u00f3n de los tratamientos realizados:<\/p>\n<h3><strong>TRATAMIENTOS REALIZADOS<\/strong><\/h3>\n<\/div>\n<div class=\"row \"><div class=\"col-md-6     text-default small-screen-default\"  ><div class=\"col-text-1 text-normal  element-top-20 element-bottom-20\" data-os-animation=\"none\" data-os-animation-delay=\"0s\">\n    <h4><strong><em>Acciones comerciales\u00a0<\/em><\/strong><strong><em>Formulario web<\/em><\/strong><\/h4>\n<p><strong>Finalidad: <\/strong>Captaci\u00f3n, registro y tratamiento de datos con finalidades de atender\u00a0sus consultas y\/o solicitudes, as\u00ed como de publicidad y prospecci\u00f3n comercial.<\/p>\n<p><strong>Plazo de conservaci\u00f3n: <\/strong>mientras se mantenga el consentimiento prestado,\u00a0salvo obligaci\u00f3n legal.<\/p>\n<p><strong>Base leg\u00edtima: <\/strong>El consentimiento del interesado.<\/p>\n<p><strong>Tipolog\u00eda de Datos:<\/strong><\/p>\n<p><strong>Datos b\u00e1sicos: <\/strong>Nombre y apellidos, Direcci\u00f3n electr\u00f3nica<\/p>\n<\/div>\n<\/div><div class=\"col-md-6     text-default small-screen-default\"  ><div class=\"col-text-1 text-normal  element-top-20 element-bottom-20\" data-os-animation=\"none\" data-os-animation-delay=\"0s\">\n    <h4><em><strong>Newsletter<\/strong><\/em><\/h4>\n<p><strong>Finalidad: <\/strong>Gesti\u00f3n de la suscripci\u00f3n a la newsletter, para realizar los env\u00edos\u00a0correspondientes.<\/p>\n<p><strong>Plazo de conservaci\u00f3n: <\/strong>mientras se mantenga el consentimiento prestado.<\/p>\n<p><strong>Base leg\u00edtima: <\/strong>El consentimiento del interesado.<\/p>\n<p><strong>Tipolog\u00eda de Datos:<\/strong><\/p>\n<p><strong>Datos b\u00e1sicos: <\/strong>Nombre y apellidos, Direcci\u00f3n electr\u00f3nica<\/p>\n<\/div>\n<\/div><\/div><div class=\"row \"><div class=\"col-md-6     text-default small-screen-default\"  ><div class=\"col-text-1 text-normal  element-top-20 element-bottom-20\" data-os-animation=\"none\" data-os-animation-delay=\"0s\">\n    <h4><strong><em>Gesti\u00f3n usuarios web<\/em><\/strong><\/h4>\n<p><strong>Finalidad: <\/strong>Captaci\u00f3n, registro y tratamiento de datos del usuario.<\/p>\n<p><strong>Plazo de conservaci\u00f3n: <\/strong>mientras se mantenga el consentimiento prestado,\u00a0salvo obligaci\u00f3n legal.<\/p>\n<p><strong>Base leg\u00edtima: <\/strong>El consentimiento del interesado.<\/p>\n<p><strong>Tipolog\u00eda de Datos:<\/strong><\/p>\n<p><strong>Datos b\u00e1sicos: <\/strong>Nombre y apellidos, Direcci\u00f3n electr\u00f3nica<\/p>\n<\/div>\n<\/div><div class=\"col-md-6     text-default small-screen-default\"  ><div class=\"col-text-1 text-normal  element-top-20 element-bottom-20\" data-os-animation=\"none\" data-os-animation-delay=\"0s\">\n    <h4><em><strong>Instalaci\u00f3n de cookies<\/strong><\/em><\/h4>\n<p><strong>Finalidad: <\/strong>Gesti\u00f3n e instalaci\u00f3n de las cookies.<\/p>\n<p><strong>Plazo de conservaci\u00f3n: <\/strong>mientras se mantenga el consentimiento prestado.<\/p>\n<p><strong>Base leg\u00edtima: <\/strong>El consentimiento del interesado.<\/p>\n<p><strong>Tipolog\u00eda de Datos:<\/strong><\/p>\n<p><strong>Datos b\u00e1sicos: <\/strong>Direcci\u00f3n electr\u00f3nica, Direcci\u00f3n IP<\/p>\n<\/div>\n<\/div><\/div><div class=\"row \"><div class=\"col-md-6     text-default small-screen-default\"  ><div class=\"col-text-1 text-normal  element-top-20 element-bottom-20\" data-os-animation=\"none\" data-os-animation-delay=\"0s\">\n    <h4><em><strong>Gesti\u00f3n Formulario\u00a0web<\/strong><\/em><\/h4>\n<p><strong>Finalidad: <\/strong>Atender sus consultas y\/o solicitudes.<\/p>\n<p><strong>Plazo de conservaci\u00f3n: <\/strong>mientras se mantenga el consentimiento prestado.<\/p>\n<p><strong>Base leg\u00edtima: <\/strong>El consentimiento del interesado.<\/p>\n<p><strong>Tipolog\u00eda de Datos:<\/strong><\/p>\n<p><strong>Datos b\u00e1sicos: <\/strong>Nombre y apellidos, Direcci\u00f3n electr\u00f3nica, Direcci\u00f3n IP<\/p>\n<\/div>\n<\/div><div class=\"col-md-6     text-default small-screen-default\"  ><\/div><\/div><div class=\"col-text-1 text-normal  element-top-20 element-bottom-20\" data-os-animation=\"none\" data-os-animation-delay=\"0s\">\n    <h2><strong>Derechos de los interesados<\/strong><\/h2>\n<p>TRUCK &amp; TRAILER SL informa a los Usuarios que, podr\u00e1 ejercer los derechos de acceso, rectificaci\u00f3n,\u00a0limitaci\u00f3n, supresi\u00f3n, portabilidad, oposici\u00f3n al tratamiento de sus datos de car\u00e1cter personal y el derecho\u00a0a no ser objeto de decisiones automatizadas, incluida la elaboraci\u00f3n de perfiles, ante el Responsable del\u00a0Tratamiento, as\u00ed como a la retirada del consentimiento prestado.<\/p>\n<p><strong>Derecho de Acceso: <\/strong>Es el derecho del usuario a obtener confirmaci\u00f3n sobre si se est\u00e1n\u00a0tratando sus datos y, en tal caso, los concretos datos personales tratados y la informaci\u00f3n legal\u00a0del tratamiento (finalidades, base legitimadora, plazos de conservaci\u00f3n, cesiones, origen de los\u00a0datos, etc.).<\/p>\n<p><strong>Derecho de Rectificaci\u00f3n: <\/strong>Es el derecho del afectado a que se modifiquen los datos que\u00a0resulten ser inexactos o incompletos. En relaci\u00f3n a la p\u00e1gina web, s\u00f3lo podr\u00e1 satisfacerse en\u00a0relaci\u00f3n a aquella informaci\u00f3n que se encuentre bajo el control del sitio web, por ejemplo,\u00a0eliminar comentarios publicados en la propia p\u00e1gina, im\u00e1genes o contenidos web donde consten\u00a0datos de car\u00e1cter personal del usuario.<\/p>\n<p><strong>Derecho a la Limitaci\u00f3n de tratamiento: <\/strong>Es el derecho a que se limiten los fines del tratamiento\u00a0previstos de forma original por el responsable del tratamiento en determinados supuestos.<\/p>\n<p><strong>Derecho de Supresi\u00f3n: <\/strong>Es el derecho a suprimir los datos de car\u00e1cter personal del usuario, a\u00a0excepci\u00f3n de lo previsto en el propio RGPD (libertad de expresi\u00f3n e informaci\u00f3n, obligaciones de\u00a0conservaci\u00f3n, formulaci\u00f3n, ejercicio o defensa de reclamaciones, etc.).<\/p>\n<p><strong>Derecho a la Portabilidad: <\/strong>El derecho a recibir los datos personales que el usuario haya facilitado, en un formato estructurado, de uso com\u00fan y lectura mec\u00e1nica, y a transmitirlos a otro\u00a0responsable cuando el tratamiento est\u00e1 basado en el consentimiento o en la ejecuci\u00f3n de un\u00a0contrato y se efect\u00fae por medios automatizados.<\/p>\n<p><strong>Derecho de Oposici\u00f3n: <\/strong>Es el derecho del usuario a que no se lleve a cabo el tratamiento de sus\u00a0datos de car\u00e1cter personal o se cese el tratamiento de los mismos por parte del sitio web cuando\u00a0el tratamiento est\u00e9 basado en el inter\u00e9s leg\u00edtimo o el inter\u00e9s p\u00fablico o cuando se trate de\u00a0tratamientos de mercadotecnia directa.<\/p>\n<p><strong>Derecho a no ser objeto de decisiones automatizadas, incluida la elaboraci\u00f3n de perfiles:<\/strong><\/p>\n<p>Cuando el tratamiento no es necesario para la celebraci\u00f3n o ejecuci\u00f3n de un contrato, ni est\u00e1\u00a0autorizada por el Derecho de la Uni\u00f3n Europea o de los Estados miembros ni se basa en el\u00a0consentimiento, tiene derecho a no ser objeto de una decisi\u00f3n basada \u00fanicamente en el\u00a0tratamiento automatizado, incluida la elaboraci\u00f3n de perfiles, que produzca efectos jur\u00eddicos o le\u00a0afecte significativamente de modo similar.<\/p>\n<p><strong>Derecho a retirar el consentimiento: <\/strong>Para cualquier tratamiento basado en su consentimiento,\u00a0tiene derecho a retirarlo, en cualquier momento y de manera gratuita.\u00a0Para ejercer cualquiera de los derechos en materia de protecci\u00f3n de datos descritos anteriormente deber\u00e1\u00a0seguir las siguientes indicaciones:<\/p>\n<p>Presentaci\u00f3n de un escrito a la direcci\u00f3n CRTA SENTMENAT KM 1,420,08213 POLINYA(BARCELONA) (a la atenci\u00f3n de TRUCK &amp;\u00a0 TRAILER SL) o bien a trav\u00e9s de correo electr\u00f3nico a por correo electr\u00f3nico a <a href=\"mailto:info@trucktrailer.es\">info@trucktrailer.es<\/a>.<\/p>\n<p>El escrito remitido por el titular de los datos personales (interesado\/a) que\u00a0 solicite el ejercicio de derechos deber\u00e1 tener en cuenta lo siguiente:<\/p>\n<ul>\n<li>Deber\u00e1 identificarse fehacientemente y, en el caso de que concurran dudas sobre la identidad del solicitante, se le solicitar\u00e1 que subsane la petici\u00f3n (p. ej. solicitando m\u00e1s\u00a0informaci\u00f3n, como el n\u00famero de DNI, el documento del DNI, el correo electr\u00f3nico que\u00a0aport\u00f3, etc.)<\/li>\n<li>La solicitud puede realizarla el representante, legal o voluntario, cuando \u00e9ste est\u00e9 debidamente identificado y autorizado por el titular de los datos (mediante una\u00a0autorizaci\u00f3n expresa del titular para ejercer los derechos personal\u00edsimos regulados en la\u00a0normativa en materia de protecci\u00f3n de datos personales).<\/li>\n<li>Petici\u00f3n en que se concreta la solicitud (Derecho\/s que se pretende\/n ejercer). Si no hace referencia a un tratamiento concreto se le facilitar\u00e1 respuesta en relaci\u00f3n a todos\u00a0los tratamientos que afectan a sus datos de car\u00e1cter personal. Si solicita informaci\u00f3n de\u00a0un tratamiento en concreto, s\u00f3lo la informaci\u00f3n de \u00e9ste. Si lo solicita por tel\u00e9fono se le\u00a0indicar\u00e1 que lo haga por escrito y se le informar\u00e1 de c\u00f3mo lo puede hacer y la direcci\u00f3n\u00a0a la que tiene que enviarlo. Nunca se le dar\u00e1 informaci\u00f3n por tel\u00e9fono.<\/li>\n<li>Direcci\u00f3n postal o electr\u00f3nica a efectos de notificaciones.<\/li>\n<li>Documentos acreditativos de la petici\u00f3n que formula, en caso de que sean necesarios.<\/li>\n<li>La persona solicitante debe utilizar cualquier medio que permita acreditar el env\u00edo y la recepci\u00f3n de la solicitud.<\/li>\n<\/ul>\n<p>Por \u00faltimo, le informamos que tiene derecho a presentar una reclamaci\u00f3n ante la Agencia Espa\u00f1ola de Protecci\u00f3n de Datos en caso de que tenga conocimiento o considere que un hecho pueda suponer un incumplimiento de la normativa aplicable en materia de protecci\u00f3n de datos.<\/p>\n<p>TRUCK &amp; TRAILER SL se compromete a adoptar las medidas t\u00e9cnicas y organizativas necesarias,\u00a0acorde al nivel de riesgos que acompa\u00f1an los tratamientos realizados por \u00e9stas e indicados en este\u00a0mismo apartado, de forma que garanticen su integridad, confidencialidad y disponibilidad.<\/p>\n<p>&nbsp;<\/p>\n<p><strong>\u00daltima actualizaci\u00f3n: <\/strong>9 de abril de 2024<\/p>\n<\/div>\n<\/div>        <\/div>\n    <\/div>\n<\/section>\n","protected":false},"excerpt":{"rendered":"Datenschutzrichtlinie Datos del propietario de la web RAZ\u00d3N SOCIAL TRUCK &amp; TRAILER SL NIF B61828778 DOMINIO https:\/\/www.trucktrailer.es\/ DIRECCI\u00d3N POSTAL CRTA SENTMENAT KM 1,420,08213 POLINYA(BARCELONA) DIRECCI\u00d3N ELECTR\u00d3NICA info@trucktrailer.es TEL\u00c9FONOS 937133184 N.\u00ba REGISTRO\/DATOS\u00a0ADICIONALES Protecci\u00f3n de datos De conformidad con la normativa vigente y aplicable en protecci\u00f3n de datos de car\u00e1cter personal, le\u00a0informamos que sus datos ser\u00e1n incorporados","protected":false},"author":1,"featured_media":0,"parent":0,"menu_order":4,"comment_status":"closed","ping_status":"closed","template":"","meta":{"footnotes":""},"class_list":["post-922","page","type-page","status-publish","hentry"],"aioseo_notices":[],"_links":{"self":[{"href":"https:\/\/www.trucktrailer.es\/de\/wp-json\/wp\/v2\/pages\/922","targetHints":{"allow":["GET"]}}],"collection":[{"href":"https:\/\/www.trucktrailer.es\/de\/wp-json\/wp\/v2\/pages"}],"about":[{"href":"https:\/\/www.trucktrailer.es\/de\/wp-json\/wp\/v2\/types\/page"}],"author":[{"embeddable":true,"href":"https:\/\/www.trucktrailer.es\/de\/wp-json\/wp\/v2\/users\/1"}],"replies":[{"embeddable":true,"href":"https:\/\/www.trucktrailer.es\/de\/wp-json\/wp\/v2\/comments?post=922"}],"version-history":[{"count":3,"href":"https:\/\/www.trucktrailer.es\/de\/wp-json\/wp\/v2\/pages\/922\/revisions"}],"predecessor-version":[{"id":974,"href":"https:\/\/www.trucktrailer.es\/de\/wp-json\/wp\/v2\/pages\/922\/revisions\/974"}],"wp:attachment":[{"href":"https:\/\/www.trucktrailer.es\/de\/wp-json\/wp\/v2\/media?parent=922"}],"curies":[{"name":"wp","href":"https:\/\/api.w.org\/{rel}","templated":true}]}}