{"id":915,"date":"2024-06-20T17:53:33","date_gmt":"2024-06-20T15:53:33","guid":{"rendered":"https:\/\/www.trucktrailer.es\/?page_id=915"},"modified":"2024-06-21T11:58:47","modified_gmt":"2024-06-21T09:58:47","slug":"legal-advice","status":"publish","type":"page","link":"https:\/\/www.trucktrailer.es\/en\/legal-advice\/","title":{"rendered":"Legal Advice"},"content":{"rendered":"<section class=\"section  text-normal section-text-no-shadow section-inner-no-shadow section-normal section-opaque\"  >\n    \n    <div class=\"background-overlay grid-overlay-0 \" style=\"background-color: rgba(0,0,0,0);\"><\/div>\n\n    <div class=\"container container-vertical-default\">\n        <div class=\"row vertical-default\">\n            <div class=\"col-md-12     text-default small-screen-default\"  ><h1 class=\"cd-headline rotate-1 text-left  element-top-20 element-bottom-20 text-normal normal regular\" data-os-animation=\"none\" data-os-animation-delay=\"0s\">\n\t<span>Legal Advice<\/span>\n\t<span class=\"cd-words-wrapper\">\n        \t<\/span>\n<\/h1>\n<\/div>        <\/div>\n    <\/div>\n<\/section>\n<section class=\"section  text-normal section-text-no-shadow section-inner-no-shadow section-normal section-opaque\"  >\n    \n    <div class=\"background-overlay grid-overlay-0 \" style=\"background-color: rgba(255,255,255,0);\"><\/div>\n\n    <div class=\"container container-vertical-default\">\n        <div class=\"row vertical-default\">\n            <div class=\"col-md-12     text-left small-screen-default col-border-bottom\"  ><div class=\"col-text-1 text-normal  element-top-20 element-bottom-20\" data-os-animation=\"none\" data-os-animation-delay=\"0s\">\n    <h2><strong>Introducci\u00f3n<\/strong><\/h2>\n<p>En cumplimiento de la Ley 34\/2002, de 11 de julio, de Servicios de la Sociedad de la Informaci\u00f3n y de\u00a0Comercio Electr\u00f3nico (LSSI-CE), TRUCK &amp; TRAILER SL informa que es titular del sitio web. De acuerdo\u00a0con la exigencia del art\u00edculo 10 de la citada Ley, TRUCK &amp; TRAILER SL informa de los siguientes datos:<\/p>\n<p><strong>RAZ\u00d3N SOCIAL <\/strong>TRUCK &amp; TRAILER SL<\/p>\n<p><strong>NIF <\/strong>B61828778<\/p>\n<p><strong>DOMINIO <\/strong><a href=\"https:\/\/www.trucktrailer.es\/\" target=\"_blank\" rel=\"noopener\">https:\/\/www.trucktrailer.es\/<\/a><\/p>\n<p><strong>DIRECCI\u00d3N POSTAL <\/strong>CRTA SENTMENAT KM 1,420,08213 POLINYA(BARCELONA)<\/p>\n<p><strong>DIRECCI\u00d3N ELECTR\u00d3NICA<\/strong> <a href=\"mailto:info@trucktrailer.es\">info@trucktrailer.es<\/a><\/p>\n<p><strong>TEL\u00c9FONOS <\/strong><a href=\"tel:937133184\">937133184<\/a><\/p>\n<p><strong>N.\u00ba REGISTRO\/DATOS\u00a0<\/strong><strong>ADICIONALES<\/strong><\/p>\n<\/div>\n<div class=\"col-text-1 text-normal  element-top-20 element-bottom-20\" data-os-animation=\"none\" data-os-animation-delay=\"0s\">\n    <h2><strong>Usuario y r\u00e9gimen de responsabilidades<\/strong><\/h2>\n<p>La navegaci\u00f3n, acceso y uso por el sitio web de TRUCK &amp; TRAILER SL confiere la condici\u00f3n de usuario.<\/p>\n<p>El sitio web de TRUCK &amp; TRAILER SL proporciona gran diversidad de informaci\u00f3n, servicios y datos. El usuario asume su responsabilidad en el uso correcto del sitio web. Esta responsabilidad se extender\u00e1 a:<\/p>\n<p>La veracidad y licitud de las informaciones aportadas por el usuario en los formularios extendidos por TRUCK &amp; TRAILER SL para el acceso a ciertos contenidos o servicios ofrecidos por el web.<\/p>\n<p>El uso de la informaci\u00f3n, servicios y datos ofrecidos por TRUCK &amp; TRAILER SL contrariamente a\u00a0lo dispuesto por las presentes condiciones, la Ley, la moral, las buenas costumbres o el orden p\u00fablico, o que de cualquier otro modo puedan suponer lesi\u00f3n de los derechos de terceros o del\u00a0mismo funcionamiento del sitio web.<\/p>\n<\/div>\n<div class=\"col-text-1 text-normal  element-top-20 element-bottom-20\" data-os-animation=\"none\" data-os-animation-delay=\"0s\">\n    <h2><strong>Pol\u00edtica de enlaces y exenciones de responsabilidad<\/strong><\/h2>\n<p>TRUCK &amp; TRAILER SL no se hace responsable del contenido de los sitios web a los que el usuario pueda\u00a0acceder a trav\u00e9s de los enlaces establecidos en su sitio web, siempre que no tenga conocimiento efectivo de que la actividad o la informaci\u00f3n a la que remite o recomienda es il\u00edcita o de que lesiona bienes o derechos de un tercero susceptibles de\u00a0 indemnizaci\u00f3n, o, en caso de tenerlo, act\u00fae con diligencia para suprimir o inutilizar el enlace correspondiente.<\/p>\n<p>Se entender\u00e1 que TRUCK &amp; TRAILER SL tiene el conocimiento efectivo a que se refiere el p\u00e1rrafo anterior cuando un \u00f3rgano competente haya declarado la ilicitud de los datos, ordenado su retirada o que se imposibilite el acceso a los mismos, o se hubiera declarado la existencia de la lesi\u00f3n, y TRUCK &amp;\u00a0TRAILER SL conociera la correspondiente resoluci\u00f3n, sin perjuicio de los procedimientos de detecci\u00f3n y retirada de contenidos que TRUCK &amp; TRAILER SL aplique en virtud de acuerdos voluntarios y de otros\u00a0medios de conocimiento efectivo que pudieran establecerse.<\/p>\n<p>TRUCK &amp; TRAILER SL declara haber adoptado todas las medidas necesarias para evitar cualquier da\u00f1o\u00a0a los usuarios de su sitio web, que pudieran derivarse de la navegaci\u00f3n por su sitio web. En\u00a0consecuencia, TRUCK &amp; TRAILER SL no se hace responsable, en ning\u00fan caso, de los eventuales da\u00f1os\u00a0que por la navegaci\u00f3n por Internet pudiera sufrir el usuario. Asimismo, tampoco garantizar\u00e1 la disponibilidad t\u00e9cnica, exactitud, veracidad, validez o legalidad de sitios ajenos a su propiedad a los que\u00a0se pueda acceder por medio de los enlaces.<\/p>\n<\/div>\n<div class=\"col-text-1 text-normal  element-top-20 element-bottom-20\" data-os-animation=\"none\" data-os-animation-delay=\"0s\">\n    <h2><strong>Modificaciones<\/strong><\/h2>\n<p>TRUCK &amp; TRAILER SL se reserva la facultad de efectuar, en cualquier momento y sin necesidad de\u00a0previo aviso, modificaciones y actualizaciones de la informaci\u00f3n contenida en su sitio web o en la\u00a0configuraci\u00f3n y presentaci\u00f3n de esta. Con objeto de mantener actualizada la informaci\u00f3n publicada, los\u00a0contenidos del mismo podr\u00e1n ser modificados, corregidos, eliminados o a\u00f1adidos en cualquier momento,\u00a0por cualquier forma admisible en derecho.<\/p>\n<\/div>\n<div class=\"col-text-1 text-normal  element-top-20 element-bottom-20\" data-os-animation=\"none\" data-os-animation-delay=\"0s\">\n    <h2><strong>Indicaci\u00f3n de precios<\/strong><\/h2>\n<p>En caso de que se muestren precios de productos y\/o servicios, los indicados en pantalla ser\u00e1n los\u00a0vigentes en cada momento. Los precios ser\u00e1n indicados en euros y tendr\u00e1n incorporado el Impuesto\u00a0sobre el Valor A\u00f1adido (IVA). En caso de que no se incorpore el IVA en el precio, se\u00a0 indicar\u00e1 de manera\u00a0expresa y se permitir\u00e1 al usuario visualizar el precio final completo.<\/p>\n<p>Asimismo, si fuera aplicable cualquier otro impuesto, as\u00ed se indicar\u00eda, incluyendo, en su caso, el importe\u00a0de los incrementos o descuentos que sean de aplicaci\u00f3n a la oferta y los gastos adicionales que puedan\u00a0repercutir al consumidor o usuario.<\/p>\n<\/div>\n<div class=\"col-text-1 text-normal  element-top-20 element-bottom-20\" data-os-animation=\"none\" data-os-animation-delay=\"0s\">\n    <h2><strong>Propiedad intelectual e industrial<\/strong><\/h2>\n<p>TRUCK &amp; TRAILER SL por s\u00ed misma o como cesionaria, es titular de todos los derechos de propiedad\u00a0intelectual e industrial de su p\u00e1gina web, as\u00ed como de los elementos contenidos en la misma (a t\u00edtulo\u00a0enunciativo, im\u00e1genes, sonido, audio, v\u00eddeo, software o textos; marcas o logotipos, combinaciones de\u00a0colores, estructura y dise\u00f1o, selecci\u00f3n de materiales usados, programas de ordenador necesarios para su\u00a0funcionamiento, acceso y uso, etc.), titularidad de TRUCK &amp; TRAILER SL. Ser\u00e1n, por consiguiente, obras\u00a0protegidas como propiedad intelectual por el\u00a0 ordenamiento jur\u00eddico espa\u00f1ol, si\u00e9ndoles aplicables tanto la\u00a0normativa espa\u00f1ola y comunitaria en este campo, como los tratados internacionales relativos a la materia y suscritos por Espa\u00f1a.<\/p>\n<p>Todos los derechos reservados. En virtud de lo dispuesto en la Ley de Propiedad Intelectual, quedan\u00a0expresamente prohibidas la reproducci\u00f3n, la distribuci\u00f3n y la comunicaci\u00f3n p\u00fablica, incluida su modalidad\u00a0de puesta a disposici\u00f3n, de la totalidad o parte de los contenidos de esta p\u00e1gina web, con fines\u00a0comerciales, en cualquier soporte y por cualquier medio t\u00e9cnico, sin la autorizaci\u00f3n de TRUCK &amp;\u00a0TRAILER SL.<\/p>\n<p>El usuario se compromete a respetar los derechos de Propiedad Intelectual e Industrial titularidad de\u00a0TRUCK &amp; TRAILER SL. Podr\u00e1 visualizar los elementos del portal e incluso imprimirlos, copiarlos y\u00a0almacenarlos en el disco duro de su ordenador o en cualquier otro soporte f\u00edsico siempre y cuando sea,\u00a0\u00fanica y exclusivamente, para su uso personal y privado. El usuario deber\u00e1 abstenerse de suprimir, alterar,\u00a0eludir o manipular cualquier dispositivo de protecci\u00f3n o sistema de seguridad que estuviera instalado en\u00a0las p\u00e1ginas de TRUCK &amp; TRAILER SL.<\/p>\n<\/div>\n<div class=\"col-text-1 text-normal  element-top-20 element-bottom-20\" data-os-animation=\"none\" data-os-animation-delay=\"0s\">\n    <h2><strong>Acciones legales, legislaci\u00f3n aplicable y jurisdicci\u00f3n<\/strong><\/h2>\n<p>Si el usuario desea presentar una reclamaci\u00f3n, deber\u00e1 contactar mediante el correo electr\u00f3nico <a href=\"mailto:info@trucktrailer.es\">info@trucktrailer.es<\/a>. Asimismo, TRUCK &amp; TRAILER SL dispone de hojas oficiales de reclamaci\u00f3n a disposici\u00f3n de los consumidores y usuarios. TRUCK &amp; TRAILER SL se reserva la facultad de presentar las acciones civiles o penales que considere oportunas por la utilizaci\u00f3n indebida de su sitio web y contenidos, o por el incumplimiento de las presentes condiciones.<\/p>\n<p>La relaci\u00f3n entre el usuario y el prestador se regir\u00e1 por la normativa vigente y de aplicaci\u00f3n en el territorio\u00a0espa\u00f1ol. De surgir cualquier controversia las partes podr\u00e1n someter sus conflictos a arbitraje o acudir a la\u00a0jurisdicci\u00f3n ordinaria cumpliendo con las normas sobre jurisdicci\u00f3n y competencia al respecto.<\/p>\n<p>&nbsp;<\/p>\n<p><strong>\u00daltima actualizaci\u00f3n: <\/strong>9 de abril de 2024<\/p>\n<\/div>\n<\/div>        <\/div>\n    <\/div>\n<\/section>\n","protected":false},"excerpt":{"rendered":"Legal Advice Introducci\u00f3n En cumplimiento de la Ley 34\/2002, de 11 de julio, de Servicios de la Sociedad de la Informaci\u00f3n y de\u00a0Comercio Electr\u00f3nico (LSSI-CE), TRUCK &amp; TRAILER SL informa que es titular del sitio web. De acuerdo\u00a0con la exigencia del art\u00edculo 10 de la citada Ley, TRUCK &amp; TRAILER SL informa de los siguientes","protected":false},"author":1,"featured_media":0,"parent":0,"menu_order":3,"comment_status":"closed","ping_status":"closed","template":"","meta":{"footnotes":""},"class_list":["post-915","page","type-page","status-publish","hentry"],"aioseo_notices":[],"_links":{"self":[{"href":"https:\/\/www.trucktrailer.es\/en\/wp-json\/wp\/v2\/pages\/915","targetHints":{"allow":["GET"]}}],"collection":[{"href":"https:\/\/www.trucktrailer.es\/en\/wp-json\/wp\/v2\/pages"}],"about":[{"href":"https:\/\/www.trucktrailer.es\/en\/wp-json\/wp\/v2\/types\/page"}],"author":[{"embeddable":true,"href":"https:\/\/www.trucktrailer.es\/en\/wp-json\/wp\/v2\/users\/1"}],"replies":[{"embeddable":true,"href":"https:\/\/www.trucktrailer.es\/en\/wp-json\/wp\/v2\/comments?post=915"}],"version-history":[{"count":3,"href":"https:\/\/www.trucktrailer.es\/en\/wp-json\/wp\/v2\/pages\/915\/revisions"}],"predecessor-version":[{"id":962,"href":"https:\/\/www.trucktrailer.es\/en\/wp-json\/wp\/v2\/pages\/915\/revisions\/962"}],"wp:attachment":[{"href":"https:\/\/www.trucktrailer.es\/en\/wp-json\/wp\/v2\/media?parent=915"}],"curies":[{"name":"wp","href":"https:\/\/api.w.org\/{rel}","templated":true}]}}