{"id":929,"date":"2024-06-20T18:39:02","date_gmt":"2024-06-20T16:39:02","guid":{"rendered":"https:\/\/www.trucktrailer.es\/?page_id=929"},"modified":"2025-03-14T10:31:09","modified_gmt":"2025-03-14T09:31:09","slug":"cookies-policy","status":"publish","type":"page","link":"https:\/\/www.trucktrailer.es\/en\/cookies-policy\/","title":{"rendered":"Cookies Policy"},"content":{"rendered":"<section class=\"section  text-normal section-text-no-shadow section-inner-no-shadow section-normal section-opaque\"  >\n    \n    <div class=\"background-overlay grid-overlay-0 \" style=\"background-color: rgba(0,0,0,0);\"><\/div>\n\n    <div class=\"container container-vertical-default\">\n        <div class=\"row vertical-default\">\n            <div class=\"col-md-12     text-default small-screen-default\"  ><h1 class=\"cd-headline rotate-1 text-left  element-top-20 element-bottom-20 text-normal normal regular\" data-os-animation=\"none\" data-os-animation-delay=\"0s\">\n\t<span>Cookies policy<\/span>\n\t<span class=\"cd-words-wrapper\">\n        \t<\/span>\n<\/h1>\n<\/div>        <\/div>\n    <\/div>\n<\/section>\n<section class=\"section  text-normal section-text-no-shadow section-inner-no-shadow section-normal section-opaque\"  >\n    \n    <div class=\"background-overlay grid-overlay-0 \" style=\"background-color: rgba(255,255,255,0);\"><\/div>\n\n    <div class=\"container container-vertical-default\">\n        <div class=\"row vertical-default\">\n            <div class=\"col-md-12     text-left small-screen-default col-border-bottom\"  ><div class=\"col-text-1 text-normal  element-top-20 element-bottom-20\" data-os-animation=\"none\" data-os-animation-delay=\"0s\">\n    <p>Conforme a lo dispuesto en el art\u00edculo 22.2 de la Ley 34\/2002, de 11 de julio, de Servicios de la Sociedad\u00a0de la Informaci\u00f3n y de Comercio Electr\u00f3nico (LSSI-CE) vigente, TRUCK &amp; TRAILER SL debe cumplir con\u00a0la obligaci\u00f3n de informar sobre las cookies que utiliza y sus finalidades.<\/p>\n<p>Este sitio web utiliza cookies y\/o tecnolog\u00edas similares que almacenan y recuperan informaci\u00f3n cuando\u00a0navegas. Las cookies permiten a una p\u00e1gina web, entre otras cosas, almacenar y recuperar informaci\u00f3n\u00a0sobre los h\u00e1bitos de navegaci\u00f3n de un Usuario o de su equipo y, dependiendo de la informaci\u00f3n que\u00a0contenga y de la forma en que utilice su equipo, pueden utilizarse para reconocer al Usuario.<\/p>\n<p>Las cookies son esenciales para el funcionamiento de internet, aportando innumerables ventajas en la\u00a0prestaci\u00f3n de servicios interactivos, facilit\u00e1ndole al Usuario la navegaci\u00f3n y usabilidad de nuestra web.<\/p>\n<p>La informaci\u00f3n que le proporcionamos a continuaci\u00f3n le ayudar\u00e1 a comprender los diferentes tipos de\u00a0cookies:<\/p>\n<h2><strong>TIPOS DE COOKIES\u00a0<\/strong><strong>SEG\u00daN LA ENTIDAD\u00a0<\/strong><strong>QUE LAS GESTIONE<\/strong><\/h2>\n<p><strong>COOKIES PROPIAS<\/strong><\/p>\n<p>Son aquellas que se env\u00edan al equipo terminal del\u00a0usuario desde un equipo o dominio gestionado por el\u00a0propio editor y desde el que se presta el servicio\u00a0solicitado por el usuario.<\/p>\n<p><strong>COOKIES DE\u00a0TERCERO<\/strong><\/p>\n<p>Son aquellas que se env\u00edan al equipo terminal del\u00a0usuario desde un equipo o dominio que no es\u00a0gestionado por el editor, sino por otra entidad que\u00a0trata los datos obtenidos a trav\u00e9s de las cookies.<\/p>\n<h2><strong>SEG\u00daN EL PLAZO\u00a0<\/strong><strong>DE TIEMPO QUE\u00a0 <\/strong><strong>PERMANEZCAN\u00a0<\/strong><strong>ACTIVADAS<\/strong><\/h2>\n<p><strong>COOKIES DE SESI\u00d3N<\/strong><\/p>\n<p>Son aquellas dise\u00f1adas para recabar y almacenar\u00a0datos mientras el usuario accede a una p\u00e1gina web.<\/p>\n<p>Se suelen emplear para almacenar informaci\u00f3n que\u00a0solo interesa conservar para la prestaci\u00f3n del\u00a0servicio solicitado por el usuario en una sola ocasi\u00f3n\u00a0(por ejemplo, una lista de productos adquiridos) y\u00a0desaparecen al terminar la sesi\u00f3n.<\/p>\n<p><strong>COOKIES\u00a0PERSISTENTES<\/strong><\/p>\n<p>Son aquellas en las que los datos siguen\u00a0almacenados en el terminal y pueden ser accedidos\u00a0y tratados durante un periodo definido por el\u00a0responsable de la cookie, y que puede ir de unos\u00a0minutos a varios a\u00f1os.<\/p>\n<h2><strong>SEG\u00daN SU\u00a0<\/strong><strong>FINALIDAD<\/strong><\/h2>\n<p><strong>COOKIES T\u00c9CNICAS<\/strong><\/p>\n<p>Son aquellas que permiten al usuario la navegaci\u00f3n\u00a0a trav\u00e9s de una p\u00e1gina web, plataforma o aplicaci\u00f3n\u00a0y la utilizaci\u00f3n de las diferentes opciones o servicios\u00a0que en ella existan<\/p>\n<p><strong>COOKIES DE\u00a0PERSONALIZACI\u00d3N<\/strong><\/p>\n<p>Permiten aplicar caracter\u00edsticas propias para la\u00a0navegaci\u00f3n del usuario por el website (Ej. idioma).<\/p>\n<p><strong>COOKIES DE AN\u00c1LISIS<\/strong><\/p>\n<p>Son aquellas que permiten al responsable de estas\u00a0el seguimiento y an\u00e1lisis del comportamiento de los\u00a0usuarios de los sitios web a los que est\u00e1n\u00a0vinculadas, incluida la cuantificaci\u00f3n de los impactos\u00a0de los anuncios. La informaci\u00f3n recogida mediante\u00a0este tipo de cookies se utiliza en la medici\u00f3n de la\u00a0actividad de los sitios web, aplicaci\u00f3n o plataforma,\u00a0con el fin de introducir mejoras en funci\u00f3n del\u00a0an\u00e1lisis de los datos de uso que hacen los usuarios\u00a0del servicio.<\/p>\n<p><strong>COOKIES PUBLICITARIAS<\/strong><\/p>\n<p>Permiten al editor incluir en la p\u00e1gina web espacios\u00a0publicitarios, seg\u00fan el contenido de la propia web.<\/p>\n<p><strong>COOKIES DE\u00a0PUBLICIDAD\u00a0COMPORTAMENTAL<\/strong><\/p>\n<p>Son aquellas que almacenan informaci\u00f3n del\u00a0comportamiento de los usuarios obtenida a trav\u00e9s de\u00a0la observaci\u00f3n continuada de sus h\u00e1bitos de\u00a0navegaci\u00f3n, lo que permite desarrollar un perfil\u00a0espec\u00edfico para mostrar publicidad en funci\u00f3n del\u00a0mismo.<\/p>\n<p>Adicionalmente, TRUCK &amp; TRAILER SL informa de manera m\u00e1s detallada de las cookies que utiliza sus\u00a0titulares, el uso o finalidad concreta, los plazos de conservaci\u00f3n, as\u00ed como de las posibles Transferencias Internacionales de datos de cada una de ellas utilizadas en nuestra p\u00e1gina web:<\/p>\n<\/div>\n<div class=\"col-text-1 text-normal  element-top-20 element-bottom-20\" data-os-animation=\"none\" data-os-animation-delay=\"0s\">\n    <p><script id=\"CookieDeclaration\" src=\"https:\/\/consent.cookiebot.com\/0dca69de-8847-4b20-81bf-ff1cb3eafb44\/cd.js\" type=\"text\/javascript\" async><\/script><\/p>\n<\/div>\n<div class=\"col-text-1 text-normal  element-top-20 element-bottom-20\" data-os-animation=\"none\" data-os-animation-delay=\"0s\">\n    <p>A continuaci\u00f3n, le proporcionamos los enlaces de diversos navegadores, a trav\u00e9s de los cuales podr\u00e1<\/p>\n<p>modificar la configuraci\u00f3n de su navegador sobre el uso de cookies:<\/p>\n<p><strong>Firefox: <\/strong><a href=\"https:\/\/support.mozilla.org\/es\/kb\/cookies-informacion-que-los-sitios-web-guardan-en-\" target=\"_blank\" rel=\"noopener\">https:\/\/support.mozilla.org\/es\/kb\/cookies-informacion-que-los-sitios-web-guardan-en-<\/a><\/p>\n<p><strong>Chrome<\/strong>: <a href=\"http:\/\/support.google.com\/chrome\/bin\/answer.py?hl=es&amp;answer=95647\" target=\"_blank\" rel=\"noopener\">http:\/\/support.google.com\/chrome\/bin\/answer.py?hl=es&amp;answer=95647<\/a><\/p>\n<p><strong>Internet Explorer: <\/strong><a href=\"http:\/\/windows.microsoft.com\/es-es\/internet-explorer\/delete-managecookies#ie=ie-10\" target=\"_blank\" rel=\"noopener\">http:\/\/windows.microsoft.com\/es-es\/internet-explorer\/delete-managecookies#ie=ie-10<\/a><\/p>\n<p><strong>Microsoft Edge: <\/strong><a href=\"https:\/\/support.microsoft.com\/es-es\/microsoft-edge\/eliminar-las-cookies-enmicrosoft-edge-63947406-40ac-c3b8-57b9-2a946a29ae09\" target=\"_blank\" rel=\"noopener\">https:\/\/support.microsoft.com\/es-es\/microsoft-edge\/eliminar-las-cookies-enmicrosoft-edge-63947406-40ac-c3b8-57b9-2a946a29ae09<\/a><\/p>\n<p><strong>Safari: <\/strong><a href=\"https:\/\/support.apple.com\/kb\/ph17191?locale=es_ES\" target=\"_blank\" rel=\"noopener\">https:\/\/support.apple.com\/kb\/ph17191?locale=es_ES<\/a><\/p>\n<p><strong>Opera: <\/strong><a href=\"https:\/\/help.opera.com\/en\/latest\/web-preferences\/#cookies\" target=\"_blank\" rel=\"noopener\">https:\/\/help.opera.com\/en\/latest\/web-preferences\/#cookies<\/a><\/p>\n<p>Para conocer m\u00e1s informaci\u00f3n sobre el tratamiento de datos personales, le recomendamos visitar nuestro apartado \u201c<a href=\"https:\/\/www.trucktrailer.es\/es\/politica-de-privacidad\/\"><em>Pol\u00edtica de Privacidad<\/em><\/a>\u201d.<\/p>\n<p>&nbsp;<\/p>\n<p><strong>\u00daltima actualizaci\u00f3n<\/strong>: 9 de abril de 2024<\/p>\n<\/div>\n<\/div>        <\/div>\n    <\/div>\n<\/section>\n","protected":false},"excerpt":{"rendered":"Cookies policy Conforme a lo dispuesto en el art\u00edculo 22.2 de la Ley 34\/2002, de 11 de julio, de Servicios de la Sociedad\u00a0de la Informaci\u00f3n y de Comercio Electr\u00f3nico (LSSI-CE) vigente, TRUCK &amp; TRAILER SL debe cumplir con\u00a0la obligaci\u00f3n de informar sobre las cookies que utiliza y sus finalidades. Este sitio web utiliza cookies y\/o","protected":false},"author":1,"featured_media":0,"parent":0,"menu_order":5,"comment_status":"closed","ping_status":"closed","template":"","meta":{"footnotes":""},"class_list":["post-929","page","type-page","status-publish","hentry"],"aioseo_notices":[],"_links":{"self":[{"href":"https:\/\/www.trucktrailer.es\/en\/wp-json\/wp\/v2\/pages\/929","targetHints":{"allow":["GET"]}}],"collection":[{"href":"https:\/\/www.trucktrailer.es\/en\/wp-json\/wp\/v2\/pages"}],"about":[{"href":"https:\/\/www.trucktrailer.es\/en\/wp-json\/wp\/v2\/types\/page"}],"author":[{"embeddable":true,"href":"https:\/\/www.trucktrailer.es\/en\/wp-json\/wp\/v2\/users\/1"}],"replies":[{"embeddable":true,"href":"https:\/\/www.trucktrailer.es\/en\/wp-json\/wp\/v2\/comments?post=929"}],"version-history":[{"count":2,"href":"https:\/\/www.trucktrailer.es\/en\/wp-json\/wp\/v2\/pages\/929\/revisions"}],"predecessor-version":[{"id":1021,"href":"https:\/\/www.trucktrailer.es\/en\/wp-json\/wp\/v2\/pages\/929\/revisions\/1021"}],"wp:attachment":[{"href":"https:\/\/www.trucktrailer.es\/en\/wp-json\/wp\/v2\/media?parent=929"}],"curies":[{"name":"wp","href":"https:\/\/api.w.org\/{rel}","templated":true}]}}