{"id":190,"date":"2014-09-26T10:49:44","date_gmt":"2014-09-26T10:49:44","guid":{"rendered":"https:\/\/www.trucktrailer.es\/?page_id=190"},"modified":"2021-05-27T07:16:35","modified_gmt":"2021-05-27T07:16:35","slug":"inicio","status":"publish","type":"page","link":"https:\/\/www.trucktrailer.es\/es\/","title":{"rendered":"Inicio"},"content":{"rendered":"<section class=\"section  text-normal section-text-no-shadow section-inner-no-shadow section-normal section-opaque\"  >\n    \n    <div class=\"background-overlay grid-overlay-0 \" style=\"background-color: rgba(0,0,0,0);\"><\/div>\n\n    <div class=\"container-fullwidth container-vertical-default\">\n        <div class=\"row vertical-default\">\n            <div class=\"col-md-12     text-default small-screen-default\"  >[rev_slider_vc alias=\u00bbslider-catalogo-1&#8243;]<\/div>        <\/div>\n    <\/div>\n<\/section>\n<section class=\"section  text-normal section-text-no-shadow section-inner-no-shadow section-normal section-opaque\"  >\n    \n    <div class=\"background-overlay grid-overlay-0 \" style=\"background-color: rgba(0,0,0,0);\"><\/div>\n\n    <div class=\"container container-vertical-default\">\n        <div class=\"row vertical-default\">\n            <div class=\"col-md-12     text-default small-screen-default\"  ><h1 class=\"text-center  element-top-50 element-bottom-0 text-normal os-animation big default\" data-os-animation=\"fadeIn\" data-os-animation-delay=\"0s\" >\n    LA EMPRESA<\/h1><div class=\"divider-border  divider-border-center element-top-10 element-bottom-10 os-animation\" data-os-animation=\"fadeIn\" data-os-animation-delay=\"0.1s\"  style=\"height:3px;\">\n    <div class=\"divider-border-inner\"  style=\"width:60px;\"><\/div>\n<\/div><p class=\"lead text-center center  text-normal element-top-20 element-bottom-40 os-animation \" data-os-animation=\"fadeIn\" data-os-animation-delay=\"0.2s\">Truck &#038; Trailer S.L. Es una empresa con m\u00e1s de 40 a\u00f1os de experiencia en el mercado de piezas de recambio para la suspensi\u00f3n de veh\u00edculos industriales. Durante todos estos a\u00f1os hemos adquirido la experiencia necesaria que nos permite ofrecer a nuestros clientes la m\u00e1s amplia gama de modelos con la mejor calidad y rapidez posible. Esto nos ha permitido un reconocimiento y una implantaci\u00f3n s\u00f3lida en el mercado nacional e internacional.<br \/>\n<\/p><\/div>        <\/div>\n    <\/div>\n<\/section>\n<section class=\"section  text-normal section-text-no-shadow section-inner-no-shadow section-normal section-opaque\"  >\n    \n    <div class=\"background-overlay grid-overlay-0 \" style=\"background-color: rgba(0,0,0,0);\"><\/div>\n\n    <div class=\"container container-vertical-default\">\n        <div class=\"row vertical-default\">\n            <div class=\"col-md-12     text-default small-screen-default\"  ><h1 class=\"text-center  element-top-50 element-bottom-0 text-normal os-animation big default\" data-os-animation=\"fadeIn\" data-os-animation-delay=\"0s\" >\n    NUESTROS SERVICIOS<\/h1><div class=\"divider-border  divider-border-center element-top-10 element-bottom-10 os-animation\" data-os-animation=\"fadeIn\" data-os-animation-delay=\"0.1s\"  style=\"height:3px;\">\n    <div class=\"divider-border-inner\"  style=\"width:60px;\"><\/div>\n<\/div><p class=\"lead text-center center  text-normal element-top-20 element-bottom-30 os-animation \" data-os-animation=\"fadeIn\" data-os-animation-delay=\"0.2s\">Te ofrecemos una amplia gama de recambios de veh\u00edculos industriales y ballestas de gran calidad. Somos especialistas y nos avalan m\u00e1s de 40 a\u00f1os de experiencia.<\/p><div class=\"list-container row  element-top-0 element-bottom-40 os-animation\" data-os-animation=\"fadeInUp\" data-os-animation-delay=\"0.1s\">\n<div class=\"col-md-4 text-normal element-top-0 element-bottom-20 text-center os-animation\" data-os-animation=\"fadeInUp\" data-os-animation-delay=\"0.1s\">\n                        <span class=\"service-simple-image\">\n                                                            <img loading=\"lazy\" decoding=\"async\" width=\"250\" height=\"250\" src=\"https:\/\/www.trucktrailer.es\/wp-content\/uploads\/2021\/05\/CALIDAD-TRUCK.png\" class=\"attachment-none-image size-none-image\" alt=\"CALIDAD\" srcset=\"https:\/\/www.trucktrailer.es\/wp-content\/uploads\/2021\/05\/CALIDAD-TRUCK.png 250w, https:\/\/www.trucktrailer.es\/wp-content\/uploads\/2021\/05\/CALIDAD-TRUCK-150x150.png 150w\" sizes=\"auto, (max-width: 250px) 100vw, 250px\" \/>                                                <\/span>\n                        <h2>\n                        CALIDAD                    <\/h2>\n                <p><\/p>\n        <\/div><div class=\"col-md-4 text-normal element-top-0 element-bottom-20 text-center os-animation\" data-os-animation=\"fadeInUp\" data-os-animation-delay=\"0.2s\">\n                        <span class=\"service-simple-image\">\n                                                            <img loading=\"lazy\" decoding=\"async\" width=\"250\" height=\"250\" src=\"https:\/\/www.trucktrailer.es\/wp-content\/uploads\/2021\/05\/experiencia.png\" class=\"attachment-none-image size-none-image\" alt=\"EXPERIENCIA\" srcset=\"https:\/\/www.trucktrailer.es\/wp-content\/uploads\/2021\/05\/experiencia.png 250w, https:\/\/www.trucktrailer.es\/wp-content\/uploads\/2021\/05\/experiencia-150x150.png 150w\" sizes=\"auto, (max-width: 250px) 100vw, 250px\" \/>                                                <\/span>\n                        <h2>\n                        EXPERIENCIA                    <\/h2>\n                <p><\/p>\n        <\/div><div class=\"col-md-4 text-normal element-top-0 element-bottom-20 text-center os-animation\" data-os-animation=\"fadeInUp\" data-os-animation-delay=\"0.3s\">\n                        <span class=\"service-simple-image\">\n                                                            <img loading=\"lazy\" decoding=\"async\" width=\"250\" height=\"250\" src=\"https:\/\/www.trucktrailer.es\/wp-content\/uploads\/2021\/05\/truck-icons-gama.png\" class=\"attachment-none-image size-none-image\" alt=\"AMPLIA GAMA DE RECAMBIOS\" srcset=\"https:\/\/www.trucktrailer.es\/wp-content\/uploads\/2021\/05\/truck-icons-gama.png 250w, https:\/\/www.trucktrailer.es\/wp-content\/uploads\/2021\/05\/truck-icons-gama-150x150.png 150w\" sizes=\"auto, (max-width: 250px) 100vw, 250px\" \/>                                                <\/span>\n                        <h2>\n                        AMPLIA GAMA DE RECAMBIOS                    <\/h2>\n                <p><\/p>\n        <\/div><\/div><p class=\"lead text-center center  text-normal element-top-0 element-bottom-40 os-animation \" data-os-animation=\"fadeIn\" data-os-animation-delay=\"0.2s\">Somos especialistas en la distribuci\u00f3n de accesorios para la suspensi\u00f3n de veh\u00edculos industriales adaptables a : <strong>MERCEDES, VOLVO, MAN, SCANIA, BPW, ROR, DAF, IVECO, RVI, SCHMITZ, FRUEHAUF, KOGEL, TRAILOR, LECI\u00d1ENA, SAF, LECITRAILER<\/strong><\/p><\/div>        <\/div>\n    <\/div>\n<\/section>\n","protected":false},"excerpt":{"rendered":"","protected":false},"author":1,"featured_media":0,"parent":0,"menu_order":0,"comment_status":"closed","ping_status":"open","template":"","meta":{"footnotes":""},"class_list":["post-190","page","type-page","status-publish","hentry"],"aioseo_notices":[],"_links":{"self":[{"href":"https:\/\/www.trucktrailer.es\/es\/wp-json\/wp\/v2\/pages\/190","targetHints":{"allow":["GET"]}}],"collection":[{"href":"https:\/\/www.trucktrailer.es\/es\/wp-json\/wp\/v2\/pages"}],"about":[{"href":"https:\/\/www.trucktrailer.es\/es\/wp-json\/wp\/v2\/types\/page"}],"author":[{"embeddable":true,"href":"https:\/\/www.trucktrailer.es\/es\/wp-json\/wp\/v2\/users\/1"}],"replies":[{"embeddable":true,"href":"https:\/\/www.trucktrailer.es\/es\/wp-json\/wp\/v2\/comments?post=190"}],"version-history":[{"count":13,"href":"https:\/\/www.trucktrailer.es\/es\/wp-json\/wp\/v2\/pages\/190\/revisions"}],"predecessor-version":[{"id":564,"href":"https:\/\/www.trucktrailer.es\/es\/wp-json\/wp\/v2\/pages\/190\/revisions\/564"}],"wp:attachment":[{"href":"https:\/\/www.trucktrailer.es\/es\/wp-json\/wp\/v2\/media?parent=190"}],"curies":[{"name":"wp","href":"https:\/\/api.w.org\/{rel}","templated":true}]}}