{"id":718,"date":"2014-09-26T10:49:44","date_gmt":"2014-09-26T10:49:44","guid":{"rendered":"https:\/\/www.trucktrailer.es\/home\/"},"modified":"2021-05-28T12:22:52","modified_gmt":"2021-05-28T10:22:52","slug":"inicio","status":"publish","type":"page","link":"https:\/\/www.trucktrailer.es\/fr\/","title":{"rendered":"Home"},"content":{"rendered":"<section class=\"section  text-normal section-text-no-shadow section-inner-no-shadow section-normal section-opaque\"  >\n    \n    <div class=\"background-overlay grid-overlay-0 \" style=\"background-color: rgba(0,0,0,0);\"><\/div>\n\n    <div class=\"container-fullwidth container-vertical-default\">\n        <div class=\"row vertical-default\">\n            <div class=\"col-md-12     text-default small-screen-default\"  >[rev_slider_vc alias=\u00a0\u00bbslider-catalogo-1&Prime;]<\/div>        <\/div>\n    <\/div>\n<\/section>\n<section class=\"section  text-normal section-text-no-shadow section-inner-no-shadow section-normal section-opaque\"  >\n    \n    <div class=\"background-overlay grid-overlay-0 \" style=\"background-color: rgba(0,0,0,0);\"><\/div>\n\n    <div class=\"container container-vertical-default\">\n        <div class=\"row vertical-default\">\n            <div class=\"col-md-12     text-default small-screen-default\"  ><h1 class=\"text-center  element-top-50 element-bottom-0 text-normal os-animation big default\" data-os-animation=\"fadeIn\" data-os-animation-delay=\"0s\" >\n    L&rsquo;ENTREPRISE<\/h1><div class=\"divider-border  divider-border-center element-top-10 element-bottom-10 os-animation\" data-os-animation=\"fadeIn\" data-os-animation-delay=\"0.1s\"  style=\"height:3px;\">\n    <div class=\"divider-border-inner\"  style=\"width:60px;\"><\/div>\n<\/div><p class=\"lead text-center center  text-normal element-top-20 element-bottom-40 os-animation \" data-os-animation=\"fadeIn\" data-os-animation-delay=\"0.2s\">Truck &amp; Trailer S.L. est une entreprise qui compte plus de 40 ans d&rsquo;exp\u00e9rience dans le monde des Pi\u00e8ces de Rechange pour les Suspensions des v\u00e9hicules industriels. Durant toutes ces ann\u00e9es, nous avons acquis l&rsquo;exp\u00e9rience n\u00e9cessaire qui nous permet d&rsquo;offrir \u00e0 nos clients la plus large gamme de produits, avec la meilleure qualit\u00e9 et rapidit\u00e9 possible.<\/p><\/div>        <\/div>\n    <\/div>\n<\/section>\n<section class=\"section  text-normal section-text-no-shadow section-inner-no-shadow section-normal section-opaque\"  >\n    \n    <div class=\"background-overlay grid-overlay-0 \" style=\"background-color: rgba(0,0,0,0);\"><\/div>\n\n    <div class=\"container container-vertical-default\">\n        <div class=\"row vertical-default\">\n            <div class=\"col-md-12     text-default small-screen-default\"  ><h1 class=\"text-center  element-top-50 element-bottom-0 text-normal os-animation big default\" data-os-animation=\"fadeIn\" data-os-animation-delay=\"0s\" >\n    NOS SERVICES<\/h1><div class=\"divider-border  divider-border-center element-top-10 element-bottom-10 os-animation\" data-os-animation=\"fadeIn\" data-os-animation-delay=\"0.1s\"  style=\"height:3px;\">\n    <div class=\"divider-border-inner\"  style=\"width:60px;\"><\/div>\n<\/div><p class=\"lead text-center center  text-normal element-top-20 element-bottom-30 os-animation \" data-os-animation=\"fadeIn\" data-os-animation-delay=\"0.2s\">Nous vous proposons une large gamme de pi\u00e8ces d\u00e9tach\u00e9es de haute qualit\u00e9 pour v\u00e9hicules industriels et ressorts \u00e0 lames. Nous sommes des sp\u00e9cialistes et nous avons plus de 40 ans d&rsquo;exp\u00e9rience.<\/p><div class=\"list-container row  element-top-0 element-bottom-40 os-animation\" data-os-animation=\"fadeInUp\" data-os-animation-delay=\"0.1s\">\n<div class=\"col-md-4 text-normal element-top-0 element-bottom-20 text-center os-animation\" data-os-animation=\"fadeInUp\" data-os-animation-delay=\"0.1s\">\n                        <span class=\"service-simple-image\">\n                                                            <img loading=\"lazy\" decoding=\"async\" width=\"250\" height=\"250\" src=\"https:\/\/www.trucktrailer.es\/wp-content\/uploads\/2021\/05\/CALIDAD-TRUCK.png\" class=\"attachment-none-image size-none-image\" alt=\"QUALIT\u00c9\" srcset=\"https:\/\/www.trucktrailer.es\/wp-content\/uploads\/2021\/05\/CALIDAD-TRUCK.png 250w, https:\/\/www.trucktrailer.es\/wp-content\/uploads\/2021\/05\/CALIDAD-TRUCK-150x150.png 150w\" sizes=\"auto, (max-width: 250px) 100vw, 250px\" \/>                                                <\/span>\n                        <h2>\n                        QUALIT\u00c9                    <\/h2>\n                <p><\/p>\n        <\/div><div class=\"col-md-4 text-normal element-top-0 element-bottom-20 text-center os-animation\" data-os-animation=\"fadeInUp\" data-os-animation-delay=\"0.2s\">\n                        <span class=\"service-simple-image\">\n                                                            <img loading=\"lazy\" decoding=\"async\" width=\"250\" height=\"250\" src=\"https:\/\/www.trucktrailer.es\/wp-content\/uploads\/2021\/05\/truck-icons-gama.png\" class=\"attachment-none-image size-none-image\" alt=\"LARGE GAMME DE PI\u00c8CES DE RECHANGE\" srcset=\"https:\/\/www.trucktrailer.es\/wp-content\/uploads\/2021\/05\/truck-icons-gama.png 250w, https:\/\/www.trucktrailer.es\/wp-content\/uploads\/2021\/05\/truck-icons-gama-150x150.png 150w\" sizes=\"auto, (max-width: 250px) 100vw, 250px\" \/>                                                <\/span>\n                        <h2>\n                        LARGE GAMME DE PI\u00c8CES DE RECHANGE                    <\/h2>\n                <p><\/p>\n        <\/div><div class=\"col-md-4 text-normal element-top-0 element-bottom-20 text-center os-animation\" data-os-animation=\"fadeInUp\" data-os-animation-delay=\"0.3s\">\n                        <span class=\"service-simple-image\">\n                                                            <img loading=\"lazy\" decoding=\"async\" width=\"250\" height=\"250\" src=\"https:\/\/www.trucktrailer.es\/wp-content\/uploads\/2021\/05\/experiencia.png\" class=\"attachment-none-image size-none-image\" alt=\"EXPERIENCE\" srcset=\"https:\/\/www.trucktrailer.es\/wp-content\/uploads\/2021\/05\/experiencia.png 250w, https:\/\/www.trucktrailer.es\/wp-content\/uploads\/2021\/05\/experiencia-150x150.png 150w\" sizes=\"auto, (max-width: 250px) 100vw, 250px\" \/>                                                <\/span>\n                        <h2>\n                        EXPERIENCE                    <\/h2>\n                <p><\/p>\n        <\/div><\/div><p class=\"lead text-center center  text-normal element-top-0 element-bottom-40 os-animation \" data-os-animation=\"fadeIn\" data-os-animation-delay=\"0.2s\">Nous sommes sp\u00e9cialistes de la distribution d&rsquo;accessoires pour la suspension de v\u00e9hicules industriels adaptables \u00e0: <strong> MERCEDES, VOLVO, MAN, SCANIA, BPW, ROR, DAF, IVECO, RVI, SCHMITZ, FRUEHAUF, KOGEL, TRAILOR, LECI\u00d1ENA, SAF, LECITRAILER <\/strong><\/p><\/div>        <\/div>\n    <\/div>\n<\/section>\n","protected":false},"excerpt":{"rendered":"","protected":false},"author":1,"featured_media":0,"parent":0,"menu_order":0,"comment_status":"closed","ping_status":"open","template":"","meta":{"footnotes":""},"class_list":["post-718","page","type-page","status-publish","hentry"],"aioseo_notices":[],"_links":{"self":[{"href":"https:\/\/www.trucktrailer.es\/fr\/wp-json\/wp\/v2\/pages\/718","targetHints":{"allow":["GET"]}}],"collection":[{"href":"https:\/\/www.trucktrailer.es\/fr\/wp-json\/wp\/v2\/pages"}],"about":[{"href":"https:\/\/www.trucktrailer.es\/fr\/wp-json\/wp\/v2\/types\/page"}],"author":[{"embeddable":true,"href":"https:\/\/www.trucktrailer.es\/fr\/wp-json\/wp\/v2\/users\/1"}],"replies":[{"embeddable":true,"href":"https:\/\/www.trucktrailer.es\/fr\/wp-json\/wp\/v2\/comments?post=718"}],"version-history":[{"count":7,"href":"https:\/\/www.trucktrailer.es\/fr\/wp-json\/wp\/v2\/pages\/718\/revisions"}],"predecessor-version":[{"id":888,"href":"https:\/\/www.trucktrailer.es\/fr\/wp-json\/wp\/v2\/pages\/718\/revisions\/888"}],"wp:attachment":[{"href":"https:\/\/www.trucktrailer.es\/fr\/wp-json\/wp\/v2\/media?parent=718"}],"curies":[{"name":"wp","href":"https:\/\/api.w.org\/{rel}","templated":true}]}}