{"id":724,"date":"2021-05-19T08:29:58","date_gmt":"2021-05-19T08:29:58","guid":{"rendered":"https:\/\/www.trucktrailer.es\/catalogos\/"},"modified":"2021-05-28T11:20:42","modified_gmt":"2021-05-28T09:20:42","slug":"catalogues","status":"publish","type":"page","link":"https:\/\/www.trucktrailer.es\/fr\/catalogues\/","title":{"rendered":"Catalogues"},"content":{"rendered":"<section class=\"section  text-normal section-text-no-shadow section-inner-no-shadow section-normal section-opaque\"  >\n    \n    <div class=\"background-overlay grid-overlay-0 \" style=\"background-color: rgba(0,0,0,0);\"><\/div>\n\n    <div class=\"container-fullwidth container-vertical-default\">\n        <div class=\"row vertical-default\">\n            <div class=\"col-md-12     text-default small-screen-default\"  >[rev_slider_vc alias=\u00a0\u00bbslider-9-1-1&Prime;]<\/div>        <\/div>\n    <\/div>\n<\/section>\n<section class=\"section  text-normal section-text-no-shadow section-inner-no-shadow section-normal section-opaque\"  >\n    \n    <div class=\"background-overlay grid-overlay-0 \" style=\"background-color: rgba(0,0,0,0);\"><\/div>\n\n    <div class=\"container container-vertical-default\">\n        <div class=\"row vertical-default\">\n            <div class=\"col-md-12     text-default small-screen-default\"  ><h1 class=\"text-center  element-top-50 element-bottom-0 text-normal os-animation big default\" data-os-animation=\"fadeIn\" data-os-animation-delay=\"0s\" >\n    T\u00c9L\u00c9CHARGEZ LES CATALOGUES<\/h1><div class=\"divider-border  divider-border-center element-top-10 element-bottom-10 os-animation\" data-os-animation=\"fadeIn\" data-os-animation-delay=\"0.1s\"  style=\"height:3px;\">\n    <div class=\"divider-border-inner\"  style=\"width:60px;\"><\/div>\n<\/div><p class=\"lead text-center center  text-normal element-top-20 element-bottom-20\" data-os-animation=\"none\" data-os-animation-delay=\"0s\">Nous disposons d&rsquo;une large gamme de pi\u00e8ces d\u00e9tach\u00e9es pour v\u00e9hicules industriels et ressorts \u00e0 lames, adaptables aux marques nationales et internationales. <strong> T\u00e9l\u00e9chargez les catalogues de pi\u00e8ces d\u00e9tach\u00e9es des marques suivantes: <\/strong><\/p><div class=\"list-container row link-color element-top-20 element-bottom-20 os-animation\" data-os-animation=\"fadeInUp\" data-os-animation-delay=\"0s\">\n<div class=\"col-md-4 text-normal element-top-0 element-bottom-20 text-center os-animation\" data-os-animation=\"fadeInUp\" data-os-animation-delay=\"0s\">\n                        <span class=\"service-simple-image\">\n                                                            <a href=\"https:\/\/www.trucktrailer.es\/fr\/our-services\/descargar-catalogo-man\/\" target=\"_self\">\n                            <img loading=\"lazy\" decoding=\"async\" width=\"250\" height=\"250\" src=\"https:\/\/www.trucktrailer.es\/wp-content\/uploads\/2021\/05\/man-catalogo.png\" class=\"attachment-none-image size-none-image\" alt=\"T\u00c9L\u00c9CHARGER LE CATALOGUE MAN\" srcset=\"https:\/\/www.trucktrailer.es\/wp-content\/uploads\/2021\/05\/man-catalogo.png 250w, https:\/\/www.trucktrailer.es\/wp-content\/uploads\/2021\/05\/man-catalogo-150x150.png 150w\" sizes=\"auto, (max-width: 250px) 100vw, 250px\" \/>                        <\/a>\n                                                <\/span>\n                        <h3>\n                            <a href=\"https:\/\/www.trucktrailer.es\/fr\/our-services\/descargar-catalogo-man\/\" target=\"_self\">\n                        T\u00c9L\u00c9CHARGER LE CATALOGUE MAN                            <\/a>\n                    <\/h3>\n                <p><\/p>\n        <\/div><div class=\"col-md-4 text-normal element-top-0 element-bottom-20 text-center os-animation\" data-os-animation=\"fadeInUp\" data-os-animation-delay=\"0s\">\n                        <span class=\"service-simple-image\">\n                                                            <a href=\"https:\/\/www.trucktrailer.es\/fr\/our-services\/descargar-catalogo-iveco\/\" target=\"_self\">\n                            <img loading=\"lazy\" decoding=\"async\" width=\"250\" height=\"250\" src=\"https:\/\/www.trucktrailer.es\/wp-content\/uploads\/2021\/05\/iveco-catalogo.png\" class=\"attachment-none-image size-none-image\" alt=\"T\u00c9L\u00c9CHARGER LE CATALOGUE IVECO\" srcset=\"https:\/\/www.trucktrailer.es\/wp-content\/uploads\/2021\/05\/iveco-catalogo.png 250w, https:\/\/www.trucktrailer.es\/wp-content\/uploads\/2021\/05\/iveco-catalogo-150x150.png 150w\" sizes=\"auto, (max-width: 250px) 100vw, 250px\" \/>                        <\/a>\n                                                <\/span>\n                        <h3>\n                            <a href=\"https:\/\/www.trucktrailer.es\/fr\/our-services\/descargar-catalogo-iveco\/\" target=\"_self\">\n                        T\u00c9L\u00c9CHARGER LE CATALOGUE IVECO                            <\/a>\n                    <\/h3>\n                <p><\/p>\n        <\/div><div class=\"col-md-4 text-normal element-top-0 element-bottom-20 text-center os-animation\" data-os-animation=\"fadeInUp\" data-os-animation-delay=\"0s\">\n                        <span class=\"service-simple-image\">\n                                                            <a href=\"https:\/\/www.trucktrailer.es\/fr\/our-services\/catalogo-daf\/\" target=\"_self\">\n                            <img loading=\"lazy\" decoding=\"async\" width=\"250\" height=\"250\" src=\"https:\/\/www.trucktrailer.es\/wp-content\/uploads\/2021\/05\/daf-catalogo.png\" class=\"attachment-none-image size-none-image\" alt=\"T\u00c9L\u00c9CHARGER LE CATALOGUE DAF\" srcset=\"https:\/\/www.trucktrailer.es\/wp-content\/uploads\/2021\/05\/daf-catalogo.png 250w, https:\/\/www.trucktrailer.es\/wp-content\/uploads\/2021\/05\/daf-catalogo-150x150.png 150w\" sizes=\"auto, (max-width: 250px) 100vw, 250px\" \/>                        <\/a>\n                                                <\/span>\n                        <h3>\n                            <a href=\"https:\/\/www.trucktrailer.es\/fr\/our-services\/catalogo-daf\/\" target=\"_self\">\n                        T\u00c9L\u00c9CHARGER LE CATALOGUE DAF                            <\/a>\n                    <\/h3>\n                <p><\/p>\n        <\/div><div class=\"col-md-4 text-normal element-top-0 element-bottom-20 text-center os-animation\" data-os-animation=\"fadeInUp\" data-os-animation-delay=\"0s\">\n                        <span class=\"service-simple-image\">\n                                                            <a href=\"https:\/\/www.trucktrailer.es\/fr\/our-services\/descargar-catalogo-volvo-scania\/\" target=\"_self\">\n                            <img loading=\"lazy\" decoding=\"async\" width=\"250\" height=\"250\" src=\"https:\/\/www.trucktrailer.es\/wp-content\/uploads\/2021\/05\/VOLVO-SCANIA-CATALOGO.png\" class=\"attachment-none-image size-none-image\" alt=\"T\u00c9L\u00c9CHARGER LE CATALOGUE VOLVO-SCANIA\" srcset=\"https:\/\/www.trucktrailer.es\/wp-content\/uploads\/2021\/05\/VOLVO-SCANIA-CATALOGO.png 250w, https:\/\/www.trucktrailer.es\/wp-content\/uploads\/2021\/05\/VOLVO-SCANIA-CATALOGO-150x150.png 150w\" sizes=\"auto, (max-width: 250px) 100vw, 250px\" \/>                        <\/a>\n                                                <\/span>\n                        <h3>\n                            <a href=\"https:\/\/www.trucktrailer.es\/fr\/our-services\/descargar-catalogo-volvo-scania\/\" target=\"_self\">\n                        T\u00c9L\u00c9CHARGER LE CATALOGUE VOLVO-SCANIA                            <\/a>\n                    <\/h3>\n                <p><\/p>\n        <\/div><div class=\"col-md-4 text-normal element-top-0 element-bottom-20 text-center os-animation\" data-os-animation=\"fadeInUp\" data-os-animation-delay=\"0s\">\n                        <span class=\"service-simple-image\">\n                                                            <a href=\"https:\/\/www.trucktrailer.es\/fr\/our-services\/descargar-catalogo-renault\/\" target=\"_self\">\n                            <img loading=\"lazy\" decoding=\"async\" width=\"250\" height=\"250\" src=\"https:\/\/www.trucktrailer.es\/wp-content\/uploads\/2021\/05\/REANULT-CATALOGO.png\" class=\"attachment-none-image size-none-image\" alt=\"T\u00c9L\u00c9CHARGER LE CATALOGUE RENAULT\" srcset=\"https:\/\/www.trucktrailer.es\/wp-content\/uploads\/2021\/05\/REANULT-CATALOGO.png 250w, https:\/\/www.trucktrailer.es\/wp-content\/uploads\/2021\/05\/REANULT-CATALOGO-150x150.png 150w\" sizes=\"auto, (max-width: 250px) 100vw, 250px\" \/>                        <\/a>\n                                                <\/span>\n                        <h3>\n                            <a href=\"https:\/\/www.trucktrailer.es\/fr\/our-services\/descargar-catalogo-renault\/\" target=\"_self\">\n                        T\u00c9L\u00c9CHARGER LE CATALOGUE RENAULT                            <\/a>\n                    <\/h3>\n                <p><\/p>\n        <\/div><div class=\"col-md-4 text-normal element-top-0 element-bottom-20 text-center os-animation\" data-os-animation=\"fadeInUp\" data-os-animation-delay=\"0s\">\n                        <span class=\"service-simple-image\">\n                                                            <a href=\"https:\/\/www.trucktrailer.es\/fr\/our-services\/descargar-catalogo-mercedes\/\" target=\"_self\">\n                            <img loading=\"lazy\" decoding=\"async\" width=\"250\" height=\"250\" src=\"https:\/\/www.trucktrailer.es\/wp-content\/uploads\/2021\/05\/MERCEDES-CATALOGO.png\" class=\"attachment-none-image size-none-image\" alt=\"T\u00c9L\u00c9CHARGER LE CATALOGUE MERCEDES\" srcset=\"https:\/\/www.trucktrailer.es\/wp-content\/uploads\/2021\/05\/MERCEDES-CATALOGO.png 250w, https:\/\/www.trucktrailer.es\/wp-content\/uploads\/2021\/05\/MERCEDES-CATALOGO-150x150.png 150w\" sizes=\"auto, (max-width: 250px) 100vw, 250px\" \/>                        <\/a>\n                                                <\/span>\n                        <h3>\n                            <a href=\"https:\/\/www.trucktrailer.es\/fr\/our-services\/descargar-catalogo-mercedes\/\" target=\"_self\">\n                        T\u00c9L\u00c9CHARGER LE CATALOGUE MERCEDES                            <\/a>\n                    <\/h3>\n                <p><\/p>\n        <\/div><\/div><\/div><div class=\"col-md-12     text-default small-screen-default\"  ><\/div>        <\/div>\n    <\/div>\n<\/section>\n","protected":false},"excerpt":{"rendered":"","protected":false},"author":1,"featured_media":0,"parent":0,"menu_order":1,"comment_status":"closed","ping_status":"closed","template":"","meta":{"footnotes":""},"class_list":["post-724","page","type-page","status-publish","hentry"],"aioseo_notices":[],"_links":{"self":[{"href":"https:\/\/www.trucktrailer.es\/fr\/wp-json\/wp\/v2\/pages\/724","targetHints":{"allow":["GET"]}}],"collection":[{"href":"https:\/\/www.trucktrailer.es\/fr\/wp-json\/wp\/v2\/pages"}],"about":[{"href":"https:\/\/www.trucktrailer.es\/fr\/wp-json\/wp\/v2\/types\/page"}],"author":[{"embeddable":true,"href":"https:\/\/www.trucktrailer.es\/fr\/wp-json\/wp\/v2\/users\/1"}],"replies":[{"embeddable":true,"href":"https:\/\/www.trucktrailer.es\/fr\/wp-json\/wp\/v2\/comments?post=724"}],"version-history":[{"count":8,"href":"https:\/\/www.trucktrailer.es\/fr\/wp-json\/wp\/v2\/pages\/724\/revisions"}],"predecessor-version":[{"id":828,"href":"https:\/\/www.trucktrailer.es\/fr\/wp-json\/wp\/v2\/pages\/724\/revisions\/828"}],"wp:attachment":[{"href":"https:\/\/www.trucktrailer.es\/fr\/wp-json\/wp\/v2\/media?parent=724"}],"curies":[{"name":"wp","href":"https:\/\/api.w.org\/{rel}","templated":true}]}}